{"id":3,"date":"2024-05-07T16:20:47","date_gmt":"2024-05-07T14:20:47","guid":{"rendered":"http:\/\/wolfhome.pl\/?page_id=3"},"modified":"2024-05-24T13:27:09","modified_gmt":"2024-05-24T11:27:09","slug":"polityka-prywatnosci","status":"publish","type":"page","link":"https:\/\/wolfhome.pl\/?page_id=3","title":{"rendered":"Polityka prywatno\u015bci"},"content":{"rendered":"\n<p><\/p>\n\n\n\n<p><strong>Adres naszej strony internetowej to: http:\/\/wolfhome.pl.<\/strong><\/p>\n\n\n\n<p><strong>Polityka prywatno\u015bci i plik\u00f3w cookies u\u017cywanych na stronie<\/strong><\/p>\n\n\n\n<p>Niniejsza Polityka Prywatno\u015bci okre\u015bla zasady przetwarzania i ochrony danych osobowych przekazanych przez Ciebie w zwi\u0105zku z korzystaniem z serwisu oraz innych powi\u0105zanych z nim witryn, komunikacji oraz us\u0142ug.<\/p>\n\n\n\n<p><strong>Administrator danych<\/strong><\/p>\n\n\n\n<p>Administratorem Twoich danych osobowych jest Pawe\u0142 Wilczy\u0144ski, Figowa 4, 69-210 Lubniewice reprezentuj\u0105cy sp\u00f3\u0142k\u0119 WOLF HOME sp\u00f3\u0142ka z ograniczon\u0105 odpowiedzialno\u015bci\u0105, e-mail: <a href=\"mailto:wolfhomespzoo@gmail.com\">wolfhomespzoo@gmail.com<\/a>, tel.: +48 722 187 803 w dalszej cz\u0119\u015bci okre\u015blony jako \u201eAdministrator\u201d.<\/p>\n\n\n\n<p>W sprawach dotycz\u0105cych ochrony danych osobowych mo\u017cna si\u0119 skontaktowa\u0107 z Administratorem tak\u017ce za po\u015brednictwem adresu e-mail: <a href=\"mailto:wolfhomespzoo@gmail.com\">wolfhomespzoo@gmail.com<\/a>.<\/p>\n\n\n\n<p><strong>Cele i podstawy prawne przetwarzania danych<\/strong><\/p>\n\n\n\n<p>Dane osobowe s\u0105 zbierane przez Administratora i przetwarzane zgodnie z zasadami okre\u015blonymi w rozporz\u0105dzeniu Parlamentu Europejskiego i Rady (UE) 2016\/679 z dnia 27 kwietnia 2016 r. w sprawie ochrony os\u00f3b fizycznych w zwi\u0105zku z przetwarzaniem danych osobowych i w sprawie swobodnego przep\u0142ywu takich danych oraz uchylenia dyrektywy 95\/46\/WE (og\u00f3lne rozporz\u0105dzenie o ochronie danych), \u201eGDRP\u201d, i zgodnie z polsk\u0105 Ustaw\u0105 z dnia 10.05.2018 o ochronie danych osobowych (Dz.U. 2018 poz. 1000).<\/p>\n\n\n\n<p><strong>Dobrowolno\u015b\u0107 przekazania danych osobowych<\/strong><\/p>\n\n\n\n<p>Dostarczenie danych osobowych jest dobrowolne, jednak\u017ce je\u015bli odm\u00f3wisz przekazania danych osobowych lub zlecisz ich usuni\u0119cie, musisz by\u0107 \u015bwiadomy tego, \u017ce mo\u017cesz nie m\u00f3c w pe\u0142ni korzysta\u0107 z niekt\u00f3rych produkt\u00f3w lub us\u0142ug oferowanych przez Administratora.<\/p>\n\n\n\n<p><strong>Cel pozyskiwania danych osobowych, rodzaje przetwarzanych danych<\/strong><\/p>\n\n\n\n<p>W ramach swojej dzia\u0142alno\u015bci Administrator zbiera i przetwarza dane osobowe w nast\u0119puj\u0105cych celach<\/p>\n\n\n\n<ol class=\"wp-block-list\">\n<li>w celach wynikaj\u0105cych z prawnie uzasadnionych interes\u00f3w realizowanych przez Administratora jako Administratora Danych Osobowych (art. 6 ust. 1 lit. f RODO), tj. w celu kontaktu, w celu wsp\u00f3\u0142pracy, w celach informacyjnych, w tym informuj\u0105cych o wydarzeniach lub dzia\u0142aniach Administratora w celach analitycznych, statystycznych oraz w celu zapewnienia bezpiecze\u0144stwa teleinformatycznego zwi\u0105zanego z korzystaniem ze strony <a href=\"http:\/\/wolfhome.pl\">http:\/\/wolfhome.pl<\/a>;<\/li>\n\n\n\n<li>w celu rekrutacji os\u00f3b zainteresowanych wsp\u00f3\u0142prac\u0105 biznesow\u0105 z Administratorem (Artyku\u0142 6 sek. 1 lit. a RODO).<\/li>\n<\/ol>\n\n\n\n<p>Administrator zbiera i przetwarza dane osobowe w nast\u0119puj\u0105cym zakresie:<\/p>\n\n\n\n<ol class=\"wp-block-list\">\n<li>w czasie korzystania ze strony Administratora \u2013 sprawd\u017a <a href=\"http:\/\/wolfhome.pl\/?page_id=88\" data-type=\"page\" data-id=\"88\">Polityka Cookies<\/a>\u00a0;<\/li>\n\n\n\n<li>w czasie korzystania z formularza kontaktowego: imi\u0119, nazwisko, adres e-mail, nazwa firmy\/organizacji, numer telefonu;<\/li>\n\n\n\n<li>w czasie kontaktu telefonicznego albo przez e-mail: imi\u0119, nazwisko, adres e-mail, nazwa firmy\/organizacji, numer telefonu;<\/li>\n\n\n\n<li>w czasie rekrutacji: imi\u0119, nazwisko, adres e-mail, numer telefonu.<\/li>\n<\/ol>\n\n\n\n<p><strong>Dane osobowe szczeg\u00f3lnie chronione<\/strong><\/p>\n\n\n\n<p>Masz prawo:<\/p>\n\n\n\n<ol class=\"wp-block-list\">\n<li>cofni\u0119cia zgody na przetwarzanie danych osobowych w dowolnym momencie, gdy podstaw\u0105 prawn\u0105 przetwarzania jest Twoja zgoda;<\/li>\n\n\n\n<li>dost\u0119pu do swoich danych i otrzymania ich kopii;<\/li>\n\n\n\n<li>sprostowania swoich danych osobowych;<\/li>\n\n\n\n<li>usuni\u0119cia lub ograniczenia przetwarzanie swoich danych;<\/li>\n\n\n\n<li>wniesienia sprzeciwu wobec przetwarzania Twoich danych osobowych;<\/li>\n\n\n\n<li>przenoszenia danych osobowych;<\/li>\n\n\n\n<li>wniesienia skargi do Prezesa Urz\u0119du Danych Osobowych w Polsce (adres: ul. Stawki 2, 00-193 Warszawa, Polska).<\/li>\n<\/ol>\n\n\n\n<p><strong>Przekazywanie danych osobowych<\/strong><\/p>\n\n\n\n<p>Odbiorcami Pani\/Pana danych osobowych mog\u0105 by\u0107 w szczeg\u00f3lno\u015bci podmioty upowa\u017cnione na podstawie przepis\u00f3w prawa oraz podmioty maj\u0105ce siedzib\u0119 na terenie Unii Europejskiej powi\u0105zane bezpo\u015brednio lub po\u015brednio z Administratorem, a tak\u017ce zewn\u0119trzni us\u0142ugodawcy, ksi\u0119gowi, biegli rewidenci i audytorzy, prawnicy, t\u0142umacze, informatycy, organy administracji publicznej, s\u0142u\u017cby pa\u0144stwowe i s\u0105dy. W ka\u017cdym przypadku podmioty te b\u0119d\u0105 zobowi\u0105zane do zachowania poufno\u015bci Twoich danych osobowych i przetwarzania ich zgodnie z przepisami o ochronie danych.<\/p>\n\n\n\n<p>Twoje dane osobowe nie s\u0105 przekazywane do kraj\u00f3w spoza Unii Europejskiej.<\/p>\n\n\n\n<p>Twoje dane osobowe nie s\u0105 obiektem profilowania.<\/p>\n\n\n\n<p><strong>Osadzone tre\u015bci z innych witryn<\/strong><\/p>\n\n\n\n<p>Artyku\u0142y na tej witrynie mog\u0105 zawiera\u0107 osadzone tre\u015bci (np. filmy, obrazki, artyku\u0142y itp.). Osadzone tre\u015bci z innych witryn zachowuj\u0105 si\u0119 analogicznie do tego, jakby u\u017cytkownik odwiedzi\u0142 bezpo\u015brednio konkretn\u0105 witryn\u0119.<\/p>\n\n\n\n<p>Witryny mog\u0105 zbiera\u0107 informacje o tobie, u\u017cywa\u0107 ciasteczek, do\u0142\u0105cza\u0107 dodatkowe, zewn\u0119trzne systemy \u015bledzenia i monitorowa\u0107 twoje interakcje z osadzonym materia\u0142em, w\u0142\u0105czaj\u0105c w to \u015bledzenie twoich interakcji z osadzonym materia\u0142em je\u015bli posiadasz konto i jeste\u015b zalogowany w tamtej witrynie.<\/p>\n\n\n\n<p><strong>Okres przetwarzania danych osobowych<\/strong><\/p>\n\n\n\n<p>Dane osobowe b\u0119d\u0105 przechowywane do czasu:<\/p>\n\n\n\n<ul class=\"wp-block-list\">\n<li>wykonania Umowy \u2013 do momentu jej rozwi\u0105zania lub wyga\u015bni\u0119cia,<\/li>\n\n\n\n<li>wycofania zgody na przetwarzanie danych osobowych,<\/li>\n\n\n\n<li>ustalenia dochodzenia lub obrony przed roszczeniami \u2013 do momentu przedawnienia roszcze\u0144 zgodnie z powszechnie obowi\u0105zuj\u0105cymi przepisami prawa,<\/li>\n\n\n\n<li>do momentu wyga\u015bni\u0119cia obowi\u0105zku przechowywania danych osobowych wynikaj\u0105cego z przepis\u00f3w powszechnie obowi\u0105zuj\u0105cego prawa.<\/li>\n<\/ul>\n\n\n\n<p><strong>Zmiany w Polityce prywatno\u015bci<\/strong><\/p>\n\n\n\n<p>Wszelkie zmiany w Polityce prywatno\u015bci b\u0119d\u0105 publikowane na stronie Administratora.<\/p>\n","protected":false},"excerpt":{"rendered":"<p>Adres naszej strony internetowej to: http:\/\/wolfhome.pl. Polityka prywatno\u015bci i plik\u00f3w cookies u\u017cywanych na stronie Niniejsza Polityka Prywatno\u015bci okre\u015bla zasady przetwarzania i ochrony danych osobowych przekazanych przez Ciebie w zwi\u0105zku z korzystaniem z serwisu oraz innych powi\u0105zanych z nim witryn, komunikacji oraz us\u0142ug. Administrator danych Administratorem Twoich danych osobowych jest Pawe\u0142 Wilczy\u0144ski, Figowa 4, 69-210 Lubniewice [&hellip;]<\/p>\n","protected":false},"author":1,"featured_media":0,"parent":0,"menu_order":0,"comment_status":"closed","ping_status":"open","template":"","meta":{"footnotes":""},"class_list":["post-3","page","type-page","status-publish","hentry"],"_links":{"self":[{"href":"https:\/\/wolfhome.pl\/index.php?rest_route=\/wp\/v2\/pages\/3","targetHints":{"allow":["GET"]}}],"collection":[{"href":"https:\/\/wolfhome.pl\/index.php?rest_route=\/wp\/v2\/pages"}],"about":[{"href":"https:\/\/wolfhome.pl\/index.php?rest_route=\/wp\/v2\/types\/page"}],"author":[{"embeddable":true,"href":"https:\/\/wolfhome.pl\/index.php?rest_route=\/wp\/v2\/users\/1"}],"replies":[{"embeddable":true,"href":"https:\/\/wolfhome.pl\/index.php?rest_route=%2Fwp%2Fv2%2Fcomments&post=3"}],"version-history":[{"count":2,"href":"https:\/\/wolfhome.pl\/index.php?rest_route=\/wp\/v2\/pages\/3\/revisions"}],"predecessor-version":[{"id":90,"href":"https:\/\/wolfhome.pl\/index.php?rest_route=\/wp\/v2\/pages\/3\/revisions\/90"}],"wp:attachment":[{"href":"https:\/\/wolfhome.pl\/index.php?rest_route=%2Fwp%2Fv2%2Fmedia&parent=3"}],"curies":[{"name":"wp","href":"https:\/\/api.w.org\/{rel}","templated":true}]}}